{"id":1735,"date":"2023-09-25T16:17:16","date_gmt":"2023-09-25T15:17:16","guid":{"rendered":"http:\/\/studionotable.tv\/for-fun\/"},"modified":"2024-10-16T11:20:10","modified_gmt":"2024-10-16T10:20:10","slug":"for-fun","status":"publish","type":"page","link":"https:\/\/studionotable.tv\/es\/for-fun\/","title":{"rendered":"For fun"},"content":{"rendered":"\t\t<div data-elementor-type=\"wp-page\" data-elementor-id=\"1735\" class=\"elementor elementor-1735 elementor-83\" data-elementor-post-type=\"page\">\n\t\t\t\t<div class=\"elementor-element elementor-element-ade0a78 e-con-full e-flex e-con e-parent\" data-id=\"ade0a78\" data-element_type=\"container\" data-e-type=\"container\" data-settings=\"{&quot;position&quot;:&quot;fixed&quot;,&quot;jet_parallax_layout_list&quot;:[]}\">\n\t\t\t\t<div class=\"elementor-element elementor-element-3cd2f7b elementor-widget elementor-widget-html\" data-id=\"3cd2f7b\" data-element_type=\"widget\" data-e-type=\"widget\" data-widget_type=\"html.default\">\n\t\t\t\t<div class=\"elementor-widget-container\">\n\t\t\t\t\t<div id=\"container\"><\/div>\n<style>\n  #container {\n    position: absolute;\n    width: 100%;\n    height: 100vh;\n    overflow: hidden;\n  }\n  canvas {\n    display: block;\n  }\n<\/style>\n<script src=\"https:\/\/cdnjs.cloudflare.com\/ajax\/libs\/three.js\/r128\/three.min.js\"><\/script>\n<!--<script src=\"https:\/\/cdnjs.cloudflare.com\/ajax\/libs\/gsap\/3.6.1\/gsap.min.js\"><\/script>-->\n<script>\n  let container, camera, scene, renderer, video, texture, plane, uniforms;\n  let mouse = { x: 0, y: 0 };\n  let targetMouse = { x: 0, y: 0 };\n\n  function init() {\n    container = document.getElementById('container');\n    \n    \/\/ Escena y C\u00e1mara\n    scene = new THREE.Scene();\n    camera = new THREE.PerspectiveCamera(75, window.innerWidth \/ window.innerHeight, 0.1, 1000);\n    camera.position.z = 1;\n\n    \/\/ Renderizador\n    renderer = new THREE.WebGLRenderer();\n    renderer.setSize(window.innerWidth, window.innerHeight);\n    container.appendChild(renderer.domElement);\n\n    \/\/ Textura del Video\n    video = document.createElement('video');\n    video.src = 'https:\/\/studionotable.tv\/wp-content\/uploads\/2024\/10\/Background-Web-test3.mp4'; \/\/ URL del video\n    video.load();\n    video.muted = true;\n    video.setAttribute('playsinline', 'true');  \/\/ Optimizaci\u00f3n m\u00f3vil\n    video.oncanplay = function() {\n      video.play();\n    };\n    texture = new THREE.VideoTexture(video);\n\n    \/\/ Geometr\u00eda del Plano\n    const geometry = new THREE.PlaneGeometry(2, 2);\n\n    \/\/ Uniformes para el Shader\n    uniforms = {\n      u_time: { type: 'f', value: 1.0 },\n      u_mouse: { type: 'v2', value: new THREE.Vector2() },\n      u_texture: { type: 't', value: texture }\n    };\n\n    \/\/ Material con Shader\n    const material = new THREE.ShaderMaterial({\n      uniforms: uniforms,\n      vertexShader: `\n        varying vec2 vUv;\n        void main() {\n          vUv = uv;\n          gl_Position = vec4(position, 1.0);\n        }\n      `,\n      fragmentShader: `\n        uniform float u_time;\n        uniform vec2 u_mouse;\n        uniform sampler2D u_texture;\n        varying vec2 vUv;\n        \n        void main() {\n          vec2 uv = vUv;\n          \n          \/\/ M\u00e1scara circular suave\n          float mask = smoothstep(0.5, 0.0, length(uv - u_mouse));\n          \n          \/\/ Ondulaci\u00f3n con la m\u00e1scara\n          vec2 ripple = uv + mask * 0.08 * sin(10.0 * uv.yx + u_time + length(uv - u_mouse) * 12.0);\n          \n          gl_FragColor = texture2D(u_texture, ripple);\n        }\n      `\n    });\n\n    plane = new THREE.Mesh(geometry, material);\n    scene.add(plane);\n\n    \/\/ Listeners para Eventos\n    window.addEventListener('resize', onWindowResize, false);\n    document.addEventListener('mousemove', onMouseMove, false);\n\n    animate();\n  }\n\n  function onWindowResize() {\n    camera.aspect = window.innerWidth \/ window.innerHeight;\n    camera.updateProjectionMatrix();\n    renderer.setSize(window.innerWidth, window.innerHeight);\n  }\n\n  function onMouseMove(event) {\n    targetMouse.x = event.clientX \/ window.innerWidth;\n    targetMouse.y = 1 - event.clientY \/ window.innerHeight;\n  }\n\n  function animate() {\n    requestAnimationFrame(animate);\n\n    \/\/ Interpolaci\u00f3n suave del movimiento del mouse\n    uniforms.u_mouse.value.x += (targetMouse.x - uniforms.u_mouse.value.x) * 0.1;\n    uniforms.u_mouse.value.y += (targetMouse.y - uniforms.u_mouse.value.y) * 0.1;\n\n    \/\/ Incremento del tiempo\n    uniforms.u_time.value += 0.05;\n\n    \/\/ Renderizado\n    renderer.render(scene, camera);\n  }\n\n  init();\n<\/script>\n\n\n\t\t\t\t<\/div>\n\t\t\t\t<\/div>\n\t\t\t\t<\/div>\n\t\t<div class=\"elementor-element elementor-element-47cd6a1 c-box e-flex e-con-boxed e-con e-parent\" data-id=\"47cd6a1\" data-element_type=\"container\" data-e-type=\"container\" data-settings=\"{&quot;jet_parallax_layout_list&quot;:[]}\">\n\t\t\t\t\t<div class=\"e-con-inner\">\n\t\t\t\t<div class=\"elementor-element elementor-element-dc97b84 n-text elementor-widget elementor-widget-heading\" data-id=\"dc97b84\" data-element_type=\"widget\" data-e-type=\"widget\" data-widget_type=\"heading.default\">\n\t\t\t\t<div class=\"elementor-widget-container\">\n\t\t\t\t\t<h2 class=\"elementor-heading-title elementor-size-default\">Somos \u00e1vidos exploradores y experimentadores.<\/h2>\t\t\t\t<\/div>\n\t\t\t\t<\/div>\n\t\t\t\t<div class=\"elementor-element elementor-element-98f7723 elementor-widget__width-initial elementor-widget-mobile__width-inherit n-long-text elementor-widget elementor-widget-text-editor\" data-id=\"98f7723\" data-element_type=\"widget\" data-e-type=\"widget\" data-widget_type=\"text-editor.default\">\n\t\t\t\t<div class=\"elementor-widget-container\">\n\t\t\t\t\t\t\t\t\t<p>Bienvenido a nuestro rinc\u00f3n creativo, un peque\u00f1o espacio dedicado a la inspiraci\u00f3n perpetua y a la superaci\u00f3n de l\u00edmites. Aqu\u00ed exploramos, experimentamos y dejamos volar nuestra imaginaci\u00f3n.<\/p>\n\t\t\t\t\t\t\t\t<\/div>\n\t\t\t\t<\/div>\n\t\t\t\t\t<\/div>\n\t\t\t\t<\/div>\n\t\t<div class=\"elementor-element elementor-element-f9ffe7e c-box e-flex e-con-boxed e-con e-parent\" data-id=\"f9ffe7e\" data-element_type=\"container\" data-e-type=\"container\" data-settings=\"{&quot;jet_parallax_layout_list&quot;:[]}\">\n\t\t\t\t\t<div class=\"e-con-inner\">\n\t\t\t\t<div class=\"elementor-element elementor-element-0b88063 elementor-widget elementor-widget-jet-images-layout\" data-id=\"0b88063\" data-element_type=\"widget\" data-e-type=\"widget\" data-settings=\"{&quot;columns_mobile&quot;:&quot;2&quot;,&quot;columns&quot;:3}\" data-widget_type=\"jet-images-layout.default\">\n\t\t\t\t<div class=\"elementor-widget-container\">\n\t\t\t\t\t<div class=\"elementor-jet-images-layout jet-elements\">\n<div class=\"jet-images-layout layout-type-masonry\" data-settings='{&quot;layoutType&quot;:&quot;masonry&quot;,&quot;justifyHeight&quot;:300}'>\n\t<div class=\"jet-images-layout__list salvattore column-desktop-3 column-tablet-2 column-mobile-2\" data-columns>\n<div class=\"jet-images-layout__item \">\n\t<div class=\"jet-images-layout__inner\">\n\t\t<div class=\"jet-images-layout__image-loader\"><span><\/span><\/div>\n\t\t<div class=\"jet-images-layout__link \">\n\t\t\t<div class=\"jet-images-layout__image\">\n\t\t\t\t<img decoding=\"async\" class=\"jet-images-layout__image-instance\" src=\"https:\/\/studionotable.tv\/wp-content\/uploads\/2023\/09\/OVNILoop_v11.gif\" alt=\"OVNILoop_v1+(1)\" loading=\"lazy\">\t\t\t<\/div>\n\t\t\t<div class=\"jet-images-layout__content\"><\/div>\n\t\t<\/div>\n\t<\/div>\n<\/div>\n<div class=\"jet-images-layout__item \">\n\t<div class=\"jet-images-layout__inner\">\n\t\t<div class=\"jet-images-layout__image-loader\"><span><\/span><\/div>\n\t\t<div class=\"jet-images-layout__link \">\n\t\t\t<div class=\"jet-images-layout__image\">\n\t\t\t\t<img decoding=\"async\" class=\"jet-images-layout__image-instance\" src=\"https:\/\/studionotable.tv\/wp-content\/uploads\/2023\/09\/Master_Flamenc_1080_12frames.gif\" alt=\"Master_Flamenc_1080_12frames\" loading=\"lazy\">\t\t\t<\/div>\n\t\t\t<div class=\"jet-images-layout__content\"><\/div>\n\t\t<\/div>\n\t<\/div>\n<\/div>\n<div class=\"jet-images-layout__item \">\n\t<div class=\"jet-images-layout__inner\">\n\t\t<div class=\"jet-images-layout__image-loader\"><span><\/span><\/div>\n\t\t<div class=\"jet-images-layout__link \">\n\t\t\t<div class=\"jet-images-layout__image\">\n\t\t\t\t<img decoding=\"async\" class=\"jet-images-layout__image-instance\" src=\"https:\/\/studionotable.tv\/wp-content\/uploads\/2023\/09\/MASTER_GO_UP.gif\" alt=\"MASTER_GO_UP\" loading=\"lazy\">\t\t\t<\/div>\n\t\t\t<div class=\"jet-images-layout__content\"><\/div>\n\t\t<\/div>\n\t<\/div>\n<\/div>\n<div class=\"jet-images-layout__item \">\n\t<div class=\"jet-images-layout__inner\">\n\t\t<div class=\"jet-images-layout__image-loader\"><span><\/span><\/div>\n\t\t<div class=\"jet-images-layout__link \">\n\t\t\t<div class=\"jet-images-layout__image\">\n\t\t\t\t<img decoding=\"async\" class=\"jet-images-layout__image-instance\" src=\"https:\/\/studionotable.tv\/wp-content\/uploads\/2023\/09\/Galgo_GIF.gif\" alt=\"Galgo_GIF\" loading=\"lazy\">\t\t\t<\/div>\n\t\t\t<div class=\"jet-images-layout__content\"><\/div>\n\t\t<\/div>\n\t<\/div>\n<\/div>\n<div class=\"jet-images-layout__item \">\n\t<div class=\"jet-images-layout__inner\">\n\t\t<div class=\"jet-images-layout__image-loader\"><span><\/span><\/div>\n\t\t<div class=\"jet-images-layout__link \">\n\t\t\t<div class=\"jet-images-layout__image\">\n\t\t\t\t<img decoding=\"async\" class=\"jet-images-layout__image-instance\" src=\"https:\/\/studionotable.tv\/wp-content\/uploads\/2023\/09\/Noia_xarxes.gif\" alt=\"Noia_xarxes\" loading=\"lazy\">\t\t\t<\/div>\n\t\t\t<div class=\"jet-images-layout__content\"><\/div>\n\t\t<\/div>\n\t<\/div>\n<\/div>\n<div class=\"jet-images-layout__item \">\n\t<div class=\"jet-images-layout__inner\">\n\t\t<div class=\"jet-images-layout__image-loader\"><span><\/span><\/div>\n\t\t<div class=\"jet-images-layout__link \">\n\t\t\t<div class=\"jet-images-layout__image\">\n\t\t\t\t<img decoding=\"async\" class=\"jet-images-layout__image-instance\" src=\"https:\/\/studionotable.tv\/wp-content\/uploads\/2023\/09\/Senyorva_compr.gif\" alt=\"Senyorva_compr\" loading=\"lazy\">\t\t\t<\/div>\n\t\t\t<div class=\"jet-images-layout__content\"><\/div>\n\t\t<\/div>\n\t<\/div>\n<\/div>\n<div class=\"jet-images-layout__item \">\n\t<div class=\"jet-images-layout__inner\">\n\t\t<div class=\"jet-images-layout__image-loader\"><span><\/span><\/div>\n\t\t<div class=\"jet-images-layout__link \">\n\t\t\t<div class=\"jet-images-layout__image\">\n\t\t\t\t<img decoding=\"async\" class=\"jet-images-layout__image-instance\" src=\"https:\/\/studionotable.tv\/wp-content\/uploads\/2023\/09\/Bike_2023_v2.gif\" alt=\"Bike_2023_v2\" loading=\"lazy\">\t\t\t<\/div>\n\t\t\t<div class=\"jet-images-layout__content\"><\/div>\n\t\t<\/div>\n\t<\/div>\n<\/div>\n<div class=\"jet-images-layout__item \">\n\t<div class=\"jet-images-layout__inner\">\n\t\t<div class=\"jet-images-layout__image-loader\"><span><\/span><\/div>\n\t\t<div class=\"jet-images-layout__link \">\n\t\t\t<div class=\"jet-images-layout__image\">\n\t\t\t\t<img decoding=\"async\" class=\"jet-images-layout__image-instance\" src=\"https:\/\/studionotable.tv\/wp-content\/uploads\/2023\/09\/Got_def_gif_compr.gif\" alt=\"Got_def_gif_compr\" loading=\"lazy\">\t\t\t<\/div>\n\t\t\t<div class=\"jet-images-layout__content\"><\/div>\n\t\t<\/div>\n\t<\/div>\n<\/div>\n<div class=\"jet-images-layout__item \">\n\t<div class=\"jet-images-layout__inner\">\n\t\t<div class=\"jet-images-layout__image-loader\"><span><\/span><\/div>\n\t\t<div class=\"jet-images-layout__link \">\n\t\t\t<div class=\"jet-images-layout__image\">\n\t\t\t\t<img decoding=\"async\" class=\"jet-images-layout__image-instance\" src=\"https:\/\/studionotable.tv\/wp-content\/uploads\/2023\/09\/2_Anticipation_.gif\" alt=\"2_Anticipation_\" loading=\"lazy\">\t\t\t<\/div>\n\t\t\t<div class=\"jet-images-layout__content\"><\/div>\n\t\t<\/div>\n\t<\/div>\n<\/div>\n<div class=\"jet-images-layout__item \">\n\t<div class=\"jet-images-layout__inner\">\n\t\t<div class=\"jet-images-layout__image-loader\"><span><\/span><\/div>\n\t\t<div class=\"jet-images-layout__link \">\n\t\t\t<div class=\"jet-images-layout__image\">\n\t\t\t\t<img decoding=\"async\" class=\"jet-images-layout__image-instance\" src=\"https:\/\/studionotable.tv\/wp-content\/uploads\/2023\/09\/Encubierta_Loop_def_2.gif\" alt=\"Encubierta_Loop_def_2\" loading=\"lazy\">\t\t\t<\/div>\n\t\t\t<div class=\"jet-images-layout__content\"><\/div>\n\t\t<\/div>\n\t<\/div>\n<\/div>\n<div class=\"jet-images-layout__item \">\n\t<div class=\"jet-images-layout__inner\">\n\t\t<div class=\"jet-images-layout__image-loader\"><span><\/span><\/div>\n\t\t<div class=\"jet-images-layout__link \">\n\t\t\t<div class=\"jet-images-layout__image\">\n\t\t\t\t<img decoding=\"async\" class=\"jet-images-layout__image-instance\" src=\"https:\/\/studionotable.tv\/wp-content\/uploads\/2023\/09\/LifeGoesRound2.gif\" alt=\"LifeGoesRound2\" loading=\"lazy\">\t\t\t<\/div>\n\t\t\t<div class=\"jet-images-layout__content\"><\/div>\n\t\t<\/div>\n\t<\/div>\n<\/div>\n<\/div><\/div>\n<\/div>\t\t\t\t<\/div>\n\t\t\t\t<\/div>\n\t\t\t\t\t<\/div>\n\t\t\t\t<\/div>\n\t\t\t\t<\/div>\n\t\t","protected":false},"excerpt":{"rendered":"<p>Somos \u00e1vidos exploradores y experimentadores. Bienvenido a nuestro rinc\u00f3n creativo, un peque\u00f1o espacio dedicado a la inspiraci\u00f3n perpetua y a la superaci\u00f3n de l\u00edmites. Aqu\u00ed exploramos, experimentamos y dejamos volar nuestra imaginaci\u00f3n.<\/p>\n","protected":false},"author":1,"featured_media":0,"parent":0,"menu_order":0,"comment_status":"closed","ping_status":"closed","template":"","meta":{"footnotes":""},"class_list":["post-1735","page","type-page","status-publish","hentry"],"yoast_head":"<!-- This site is optimized with the Yoast SEO plugin v27.2 - https:\/\/yoast.com\/product\/yoast-seo-wordpress\/ -->\n<title>Motion Graphics para divertirse | StudioNotable.tv<\/title>\n<meta name=\"description\" content=\"Descubre algunas de nuestras ideas m\u00e1s locas en esta p\u00e1gina de inicio. For Fun nos ayuda a mostrar algunos de nuestros dise\u00f1os a nuestros futuros clientes.\" \/>\n<meta name=\"robots\" content=\"index, follow, max-snippet:-1, max-image-preview:large, max-video-preview:-1\" \/>\n<link rel=\"canonical\" href=\"https:\/\/studionotable.tv\/es\/for-fun\/\" \/>\n<meta property=\"og:locale\" content=\"es_ES\" \/>\n<meta property=\"og:type\" content=\"article\" \/>\n<meta property=\"og:title\" content=\"Motion Graphics para divertirse | StudioNotable.tv\" \/>\n<meta property=\"og:description\" content=\"Descubre algunas de nuestras ideas m\u00e1s locas en esta p\u00e1gina de inicio. For Fun nos ayuda a mostrar algunos de nuestros dise\u00f1os a nuestros futuros clientes.\" \/>\n<meta property=\"og:url\" content=\"https:\/\/studionotable.tv\/es\/for-fun\/\" \/>\n<meta property=\"og:site_name\" content=\"Notable\" \/>\n<meta property=\"article:modified_time\" content=\"2024-10-16T10:20:10+00:00\" \/>\n<meta property=\"og:image\" content=\"https:\/\/studionotable.tv\/wp-content\/uploads\/2023\/09\/OVNILoop_v11.gif\" \/>\n<meta name=\"twitter:card\" content=\"summary_large_image\" \/>\n<meta name=\"twitter:label1\" content=\"Tiempo de lectura\" \/>\n\t<meta name=\"twitter:data1\" content=\"3 minutos\" \/>\n<script type=\"application\/ld+json\" class=\"yoast-schema-graph\">{\"@context\":\"https:\/\/schema.org\",\"@graph\":[{\"@type\":\"WebPage\",\"@id\":\"https:\/\/studionotable.tv\/es\/for-fun\/\",\"url\":\"https:\/\/studionotable.tv\/es\/for-fun\/\",\"name\":\"Motion Graphics para divertirse | StudioNotable.tv\",\"isPartOf\":{\"@id\":\"https:\/\/studionotable.tv\/es\/#website\"},\"primaryImageOfPage\":{\"@id\":\"https:\/\/studionotable.tv\/es\/for-fun\/#primaryimage\"},\"image\":{\"@id\":\"https:\/\/studionotable.tv\/es\/for-fun\/#primaryimage\"},\"thumbnailUrl\":\"https:\/\/studionotable.tv\/wp-content\/uploads\/2023\/09\/OVNILoop_v11.gif\",\"datePublished\":\"2023-09-25T15:17:16+00:00\",\"dateModified\":\"2024-10-16T10:20:10+00:00\",\"description\":\"Descubre algunas de nuestras ideas m\u00e1s locas en esta p\u00e1gina de inicio. For Fun nos ayuda a mostrar algunos de nuestros dise\u00f1os a nuestros futuros clientes.\",\"breadcrumb\":{\"@id\":\"https:\/\/studionotable.tv\/es\/for-fun\/#breadcrumb\"},\"inLanguage\":\"es\",\"potentialAction\":[{\"@type\":\"ReadAction\",\"target\":[\"https:\/\/studionotable.tv\/es\/for-fun\/\"]}]},{\"@type\":\"ImageObject\",\"inLanguage\":\"es\",\"@id\":\"https:\/\/studionotable.tv\/es\/for-fun\/#primaryimage\",\"url\":\"https:\/\/studionotable.tv\/wp-content\/uploads\/2023\/09\/OVNILoop_v11.gif\",\"contentUrl\":\"https:\/\/studionotable.tv\/wp-content\/uploads\/2023\/09\/OVNILoop_v11.gif\"},{\"@type\":\"BreadcrumbList\",\"@id\":\"https:\/\/studionotable.tv\/es\/for-fun\/#breadcrumb\",\"itemListElement\":[{\"@type\":\"ListItem\",\"position\":1,\"name\":\"Home\",\"item\":\"https:\/\/studionotable.tv\/es\/inicio\/\"},{\"@type\":\"ListItem\",\"position\":2,\"name\":\"For fun\"}]},{\"@type\":\"WebSite\",\"@id\":\"https:\/\/studionotable.tv\/es\/#website\",\"url\":\"https:\/\/studionotable.tv\/es\/\",\"name\":\"https:\/\/studionotable.tv\/\",\"description\":\"\",\"publisher\":{\"@id\":\"https:\/\/studionotable.tv\/es\/#organization\"},\"potentialAction\":[{\"@type\":\"SearchAction\",\"target\":{\"@type\":\"EntryPoint\",\"urlTemplate\":\"https:\/\/studionotable.tv\/es\/?s={search_term_string}\"},\"query-input\":{\"@type\":\"PropertyValueSpecification\",\"valueRequired\":true,\"valueName\":\"search_term_string\"}}],\"inLanguage\":\"es\"},{\"@type\":\"Organization\",\"@id\":\"https:\/\/studionotable.tv\/es\/#organization\",\"name\":\"Notable Studio\",\"url\":\"https:\/\/studionotable.tv\/es\/\",\"logo\":{\"@type\":\"ImageObject\",\"inLanguage\":\"es\",\"@id\":\"https:\/\/studionotable.tv\/es\/#\/schema\/logo\/image\/\",\"url\":\"https:\/\/studionotable.tv\/wp-content\/uploads\/2022\/01\/logo-notable-h.svg\",\"contentUrl\":\"https:\/\/studionotable.tv\/wp-content\/uploads\/2022\/01\/logo-notable-h.svg\",\"width\":401.46,\"height\":144.41,\"caption\":\"Notable Studio\"},\"image\":{\"@id\":\"https:\/\/studionotable.tv\/es\/#\/schema\/logo\/image\/\"},\"sameAs\":[\"https:\/\/www.instagram.com\/notablestudio.tv\/\",\"https:\/\/www.behance.net\/studionotable\",\"https:\/\/vimeo.com\/studionotable\"]}]}<\/script>\n<!-- \/ Yoast SEO plugin. -->","yoast_head_json":{"title":"Motion Graphics para divertirse | StudioNotable.tv","description":"Descubre algunas de nuestras ideas m\u00e1s locas en esta p\u00e1gina de inicio. For Fun nos ayuda a mostrar algunos de nuestros dise\u00f1os a nuestros futuros clientes.","robots":{"index":"index","follow":"follow","max-snippet":"max-snippet:-1","max-image-preview":"max-image-preview:large","max-video-preview":"max-video-preview:-1"},"canonical":"https:\/\/studionotable.tv\/es\/for-fun\/","og_locale":"es_ES","og_type":"article","og_title":"Motion Graphics para divertirse | StudioNotable.tv","og_description":"Descubre algunas de nuestras ideas m\u00e1s locas en esta p\u00e1gina de inicio. For Fun nos ayuda a mostrar algunos de nuestros dise\u00f1os a nuestros futuros clientes.","og_url":"https:\/\/studionotable.tv\/es\/for-fun\/","og_site_name":"Notable","article_modified_time":"2024-10-16T10:20:10+00:00","og_image":[{"url":"https:\/\/studionotable.tv\/wp-content\/uploads\/2023\/09\/OVNILoop_v11.gif","type":"","width":"","height":""}],"twitter_card":"summary_large_image","twitter_misc":{"Tiempo de lectura":"3 minutos"},"schema":{"@context":"https:\/\/schema.org","@graph":[{"@type":"WebPage","@id":"https:\/\/studionotable.tv\/es\/for-fun\/","url":"https:\/\/studionotable.tv\/es\/for-fun\/","name":"Motion Graphics para divertirse | StudioNotable.tv","isPartOf":{"@id":"https:\/\/studionotable.tv\/es\/#website"},"primaryImageOfPage":{"@id":"https:\/\/studionotable.tv\/es\/for-fun\/#primaryimage"},"image":{"@id":"https:\/\/studionotable.tv\/es\/for-fun\/#primaryimage"},"thumbnailUrl":"https:\/\/studionotable.tv\/wp-content\/uploads\/2023\/09\/OVNILoop_v11.gif","datePublished":"2023-09-25T15:17:16+00:00","dateModified":"2024-10-16T10:20:10+00:00","description":"Descubre algunas de nuestras ideas m\u00e1s locas en esta p\u00e1gina de inicio. For Fun nos ayuda a mostrar algunos de nuestros dise\u00f1os a nuestros futuros clientes.","breadcrumb":{"@id":"https:\/\/studionotable.tv\/es\/for-fun\/#breadcrumb"},"inLanguage":"es","potentialAction":[{"@type":"ReadAction","target":["https:\/\/studionotable.tv\/es\/for-fun\/"]}]},{"@type":"ImageObject","inLanguage":"es","@id":"https:\/\/studionotable.tv\/es\/for-fun\/#primaryimage","url":"https:\/\/studionotable.tv\/wp-content\/uploads\/2023\/09\/OVNILoop_v11.gif","contentUrl":"https:\/\/studionotable.tv\/wp-content\/uploads\/2023\/09\/OVNILoop_v11.gif"},{"@type":"BreadcrumbList","@id":"https:\/\/studionotable.tv\/es\/for-fun\/#breadcrumb","itemListElement":[{"@type":"ListItem","position":1,"name":"Home","item":"https:\/\/studionotable.tv\/es\/inicio\/"},{"@type":"ListItem","position":2,"name":"For fun"}]},{"@type":"WebSite","@id":"https:\/\/studionotable.tv\/es\/#website","url":"https:\/\/studionotable.tv\/es\/","name":"https:\/\/studionotable.tv\/","description":"","publisher":{"@id":"https:\/\/studionotable.tv\/es\/#organization"},"potentialAction":[{"@type":"SearchAction","target":{"@type":"EntryPoint","urlTemplate":"https:\/\/studionotable.tv\/es\/?s={search_term_string}"},"query-input":{"@type":"PropertyValueSpecification","valueRequired":true,"valueName":"search_term_string"}}],"inLanguage":"es"},{"@type":"Organization","@id":"https:\/\/studionotable.tv\/es\/#organization","name":"Notable Studio","url":"https:\/\/studionotable.tv\/es\/","logo":{"@type":"ImageObject","inLanguage":"es","@id":"https:\/\/studionotable.tv\/es\/#\/schema\/logo\/image\/","url":"https:\/\/studionotable.tv\/wp-content\/uploads\/2022\/01\/logo-notable-h.svg","contentUrl":"https:\/\/studionotable.tv\/wp-content\/uploads\/2022\/01\/logo-notable-h.svg","width":401.46,"height":144.41,"caption":"Notable Studio"},"image":{"@id":"https:\/\/studionotable.tv\/es\/#\/schema\/logo\/image\/"},"sameAs":["https:\/\/www.instagram.com\/notablestudio.tv\/","https:\/\/www.behance.net\/studionotable","https:\/\/vimeo.com\/studionotable"]}]}},"_links":{"self":[{"href":"https:\/\/studionotable.tv\/es\/wp-json\/wp\/v2\/pages\/1735","targetHints":{"allow":["GET"]}}],"collection":[{"href":"https:\/\/studionotable.tv\/es\/wp-json\/wp\/v2\/pages"}],"about":[{"href":"https:\/\/studionotable.tv\/es\/wp-json\/wp\/v2\/types\/page"}],"author":[{"embeddable":true,"href":"https:\/\/studionotable.tv\/es\/wp-json\/wp\/v2\/users\/1"}],"replies":[{"embeddable":true,"href":"https:\/\/studionotable.tv\/es\/wp-json\/wp\/v2\/comments?post=1735"}],"version-history":[{"count":5,"href":"https:\/\/studionotable.tv\/es\/wp-json\/wp\/v2\/pages\/1735\/revisions"}],"predecessor-version":[{"id":3580,"href":"https:\/\/studionotable.tv\/es\/wp-json\/wp\/v2\/pages\/1735\/revisions\/3580"}],"wp:attachment":[{"href":"https:\/\/studionotable.tv\/es\/wp-json\/wp\/v2\/media?parent=1735"}],"curies":[{"name":"wp","href":"https:\/\/api.w.org\/{rel}","templated":true}]}}