{"id":1562,"date":"2023-11-14T19:52:35","date_gmt":"2023-11-14T17:52:35","guid":{"rendered":"http:\/\/studionotable.tv\/aviso-legal\/"},"modified":"2023-11-14T19:58:47","modified_gmt":"2023-11-14T17:58:47","slug":"aviso-legal","status":"publish","type":"page","link":"https:\/\/studionotable.tv\/es\/aviso-legal\/","title":{"rendered":"Av\u00edso legal"},"content":{"rendered":"\n<p>Aquest av\u00eds legal recull les condicions generals que regulen l&#8217;acc\u00e9s i l&#8217;\u00fas de la plana web URL WEB, d&#8217;ara endavant \u00abstudionotable.tv\u00bb, del qual \u00e9s titular i propiet\u00e0ria Notable Studio societat domiciliada a Carretera de la Gonarda, casa 18 l\u2019Aldosa AD400 La Massana, (inscrita al Registre de Societats del Principat d&#8217;Andorra amb n\u00famero de registre tributari X \/ creada en virtut de la Llei X), d&#8217;ara endavant \u00abNotable Studio\u00bb. L&#8217;acc\u00e9s a la studionotable.tv \u00e9s gratu\u00eft i la seva visualitzaci\u00f3 no requereix cap registre ni subscripci\u00f3 pr\u00e8via. A trav\u00e9s de la studionotable.tv es facilita informaci\u00f3 general dels nostres serveis.<\/p>\n\n<p>LIMITACI\u00d3 DE RESPONSABILITAT NOTABLE STUDIO no es responsabilitza dels danys i perjudicis produ\u00efts o que es puguin produir, de cap naturalesa, que es derivin de l&#8217;\u00fas de la informaci\u00f3, del contingut de la studionotable.tv i dels programes que incorpora, i que poguessin ocasionar, a t\u00edtol enunciatiu i no limitatiu: errors o omissions en els continguts, falta de disponibilitat de la studionotable.tv o la transmissi\u00f3 de virus o programes maliciosos o lesius en els continguts, malgrat haver adoptat totes les mesures tecnol\u00f2giques necess\u00e0ries per evitar-ho. La informaci\u00f3 continguda en la studionotable.tv \u00e9s la vigent en la data de l&#8217;\u00faltima actualitzaci\u00f3, i Notable Studio no garanteix l&#8217;abs\u00e8ncia d&#8217;errors en l&#8217;acc\u00e9s a la studionotable.tv ni en el contingut, per\u00f2, adoptar\u00e0 les mesures pertinents per evitarlos, corregir-los i\/o actualitzar-los tan aviat com es detectin.<\/p>\n\n<p>Notable Studio es reserva el dret de modificar i actualitzar la informaci\u00f3 de studionotable.tv, la seva presentaci\u00f3 i configuraci\u00f3 i les condicions d&#8217;acc\u00e9s sense necessitat de previ av\u00eds i en qualsevol moment. Aix\u00ed mateix, Notable Studio es reserva el dret de modificar i\/o ometre totalment o parcial els continguts de la studionotable.tv i restringir-ne l&#8217;acc\u00e9s. En cas que s&#8217;hagin de realitzar operacions de manteniment, reparaci\u00f3, actualitzaci\u00f3 o millora dels serveis, Notable Studio es reserva el dret de suspendre temporalment i sense necessitat de previ av\u00eds l&#8217;acc\u00e9s a la studionotable.tv, aix\u00ed com el dret de prestaci\u00f3 o cancel\u00b7laci\u00f3 dels serveis, sense perjudici de procurar posar-ho en coneixement dels usuaris, sempre que les circumst\u00e0ncies ho permetin. L&#8217;\u00fas d&#8217;aquesta studionotable.tv i la informaci\u00f3 que es facilita \u00e9s responsabilitat de l&#8217;usuari. Cap tercer podr\u00e0 establir una relaci\u00f3 de framing entre les seves p\u00e0gines web i la studionotable.tv. Aix\u00ed mateix, Notable Studio no es responsabilitza del contingut de tercers al qual es pugui accedir mitjan\u00e7ant els enlla\u00e7os continguts a la <a href=\"https:\/\/studionotable.tv\/es\/\" data-type=\"page\" data-id=\"17\">studionotable.tv<\/a>.<\/p>\n\n<h3 class=\"wp-block-heading\">SERVEIS I PRODUCTES DE LA WEB<\/h3>\n\n<p>La <a href=\"https:\/\/studionotable.tv\/es\/\" data-type=\"page\" data-id=\"17\">studionotable.tv<\/a> pot contenir enlla\u00e7os a p\u00e0gines web alienes a la mateixa els quals es posen a disposici\u00f3 de l&#8217;usuari amb l&#8217;\u00fanica finalitat de facilitar-li l&#8217;acc\u00e9s als continguts, productes o serveis que poguessin ser del seu inter\u00e8s i que Notable Studio no gestiona ni controla en cap moment. La inclusi\u00f3 dels enlla\u00e7os a portals de tercers no implica en cap cas una vinculaci\u00f3 entre Notable Studio i els titulars dels portals enlla\u00e7ats. Notable Studio no assumeix cap tipus de responsabilitat directa o indirecta en relaci\u00f3 amb la licitud, veracitat, utilitat, qualitat o fiabilitat dels serveis i continguts propietat de tercers, o que aquests gestionin o controlin, encara que s&#8217;hi pugui accedir a trav\u00e9s de la studionotable.tv. A tots els efectes legals, s&#8217;ent\u00e9n que qualsevol relaci\u00f3 contractual o extracontractual que l&#8217;usuari dugui a terme amb tercers contactats mitjan\u00e7ant la studionotable.tv es realitza \u00fanica i exclusivament entre l&#8217;usuari i els tercers. L&#8217;usuari accepta que Notable Studio no tingui cap responsabilitat sobre els danys o perjudicis de qualsevol naturalesa ocasionats amb motiu de les negociacions, converses o relacions contractuals o extracontractuals entre l&#8217;usuari i tercers contactats per mitj\u00e0 de la <a href=\"https:\/\/studionotable.tv\/es\/\" data-type=\"page\" data-id=\"17\">studionotable.tv<\/a>. L&#8217;usuari haur\u00e0 de prendre coneixement de les indicacions, dels avisos o de les advert\u00e8ncies legals que els portals de tercers puguin establir pel seu \u00fas.<\/p>\n\n<h3 class=\"wp-block-heading\">RESPONSABILITAT DE L\u2019USUARI<\/h3>\n\n<p>L&#8217;usuari \u00e9s responsable del compliment de les lleis i reglaments en vigor i de les regles aplicables a l&#8217;\u00fas que es realitzi dels productes i aplicacions. Tanmateix, es prohibeix l&#8217;\u00fas de la studionotable.tv contrari a la bona fe, en particular i de manera no exhaustiva: la utilitzaci\u00f3 contr\u00e0ria a la normativa andorrana o que infringeixi els drets de tercers; la publicaci\u00f3 o transmissi\u00f3 de qualsevol contingut que resulti violent, obsc\u00e8, abusiu, il\u00b7legal, racial, xen\u00f2fob o difamatori; alterar o intervenir per mitjans fraudulents p\u00e0gines web personals o correus electr\u00f2nics o sistemes d&#8217;altres usuaris o tercers sense la seva autoritzaci\u00f3; els cracks , n\u00fameros de s\u00e8rie de programes o qualsevol altre contingut que vulneri els drets de la propietat intel\u00b7lectual de tercers; el recull i\/o la utilitzaci\u00f3 de dades personals d&#8217;altres usuaris sense el seu consentiment expr\u00e9s o que contravingui les disposicions de la Llei Qualificada 29\/2021 de protecci\u00f3 de dades personals; la utilitzaci\u00f3 del servidor de correu, el domini i les adreces de correu electr\u00f2nic amb finalitats de correu no desitjat, bombardeig de correu, suplantaci\u00f3 d&#8217;identitat, frau sota cust\u00f2dia de tercers, difusi\u00f3 de virus (troians, etc.) o qualsevol altre tipus d&#8217;activitat realitzada amb \u00e0nim fraudulent o delictiu. Queda expressament prohibit accedir, modificar, visualitzar la configuraci\u00f3, l&#8217;estructura i els arxius dels servidors de la studionotable.tv. Davant qualsevol problema que es pogu\u00e9s produir en els servidors i sistemes de seguretat de la studionotable.tv com a conseq\u00fc\u00e8ncia directa d&#8217;una actuaci\u00f3 negligent de l&#8217;usuari, aquest respondr\u00e0 per la responsabilitat civil i penal que correspongui. L&#8217;usuari respectar\u00e0 els est\u00e0ndards t\u00e8cnics disposats per la studionotable.tv en l&#8217;administraci\u00f3 i desenvolupament dels productes utilitzats de manera que no es produeixi un \u00fas abusiu que retardi els servidors i perjudiqui la prestaci\u00f3 dels productes o drets d&#8217;altres usuaris.<\/p>\n\n<h3 class=\"wp-block-heading\">PROTECCI\u00d3 DADES PERSONALS I COOKIES<\/h3>\n\n<p>En compliment del que requereix la Llei 29\/2021, del 28 d\u2019octubre, qualificada de Protecci\u00f3 de Dades Personals (en endavant, \u00abLQDP\u00bb), i amb els reglaments que la desenvolupen, s&#8217;informa als usuaris d&#8217;aquest lloc web que qualsevol dada personal facilitat a Notable Studio ser\u00e0 tractat per el mateix amb les finalitats i condicions definides al seu Registre d\u2019Activitats de Tractament (en cas de no ser obligat a tenir RAT, especificar aqu\u00ed).<\/p>\n\n<p>El responsable del fitxer \u00e9s Notable Studio en qualitat de responsable del tractament, amb domicili a Carretera de la Gonarda, casa 18 l\u2019Aldosa AD400 La Massana . Les dades aqu\u00ed recollides es tractaran per les finalitats de contactar a trav\u00e9s dels formularis de contacte o enviar un correu electr\u00f2nic. En compliment de la LQPD, i els seus reglaments de desenvolupament, Notable Studio li informa que disposeu dels drets d&#8217;acc\u00e9s, rectificaci\u00f3, supressi\u00f3, oposici\u00f3, portabilitat i limitaci\u00f3 de tractament reconeguts en l&#8217;esmentada normativa. Li informem que aquesta plana web recull cookies. Trobareu una explicaci\u00f3 exhaustiva d\u2019aquestes en el seg\u00fcent enlla\u00e7 <a href=\"https:\/\/studionotable.tv\/es\/cookie-policy\/\" data-type=\"page\" data-id=\"1525\">studionotable.tv\/cookies<\/a>. Per m\u00e9s informaci\u00f3 sobre com tractarem les dades personals consulteu el seg\u00fcent enlla\u00e7 <a href=\"https:\/\/studionotable.tv\/es\/politica-de-privacidad\/\" data-type=\"page\" data-id=\"1538\">studionotable.tv\/privacitat<\/a><\/p>\n\n<h3 class=\"wp-block-heading\">PROPIETAT INTEL\u00b7LECTUAL SOBRE ELS CONTINGUTS<\/h3>\n\n<p>Tots els elements que apareixen a la studionotable.tv, sense limitaci\u00f3 (fotografies, m\u00fasica, sons, animacions, programari, textos, nom de domini, marques, informaci\u00f3 i contingut recopilat de tota la web, etc ) , aix\u00ed com l&#8217;estructura, el disseny gr\u00e0fic i el codi font s\u00f3n propietat de Notable Studio , o si s&#8217;escau, de tercers que li han cedit els corresponents drets d&#8217;\u00fas, i que l&#8217;usuari d&#8217;aquest lloc web ha de respectar, i que per tant estan protegits per la normativa de propietat intel\u00b7lectual. No es podran realitzar actes totals o parcials de reproducci\u00f3, publicaci\u00f3, tractament inform\u00e0tic, distribuci\u00f3, difusi\u00f3, transformaci\u00f3, compilaci\u00f3, modificaci\u00f3, distribuci\u00f3 o comunicaci\u00f3 p\u00fablica de la studionotable.tv sense el consentiment previ i per escrit de Notable Studio . L&#8217;acc\u00e9s per part de l&#8217;usuari als continguts i els serveis de la studionotable.tv no implica cap dret pel que fa a la seva transmissi\u00f3, cessi\u00f3, utilitzaci\u00f3, alteraci\u00f3, explotaci\u00f3, reproducci\u00f3, distribuci\u00f3 o comunicaci\u00f3 p\u00fablica, objecte de propietat intel\u00b7lectual, sense la pr\u00e8via i expressa autoritzaci\u00f3 espec\u00edficament atorgada a aquest efecte per part de Notable Studio o del tercer titular dels drets, si s&#8217;escau. Els usuaris de la studionotable.tv nom\u00e9s podran realitzar un \u00fas privat i personal dels seus continguts, \u00e9s a dir, nom\u00e9s tindran dret a visualitzar i realitzar c\u00f2pies dels continguts per al seu \u00fas personal i exclusiu i hauran d&#8217;aplicar aquests drets sobre la base dels principis de bona fe i la normativa aplicable.<\/p>\n\n<p>Queda absolutament prohibit l&#8217;\u00fas de la studionotable.tv o de qualsevol dels seus elements amb finalitats comercials o il\u00b7l\u00edcites. La utilitzaci\u00f3 no autoritzada de la informaci\u00f3 continguda en aquest Portal, aix\u00ed com els perjudicis ocasionats en els drets de propietat intel\u00b7lectual, poden donar lloc a l&#8217;exercici de les accions legals pertinents i, si s&#8217;escau, a les responsabilitats derivades d&#8217;aquest exercici.<\/p>\n\n<h3 class=\"wp-block-heading\">COMPROMISOS<\/h3>\n\n<p>Notable Studio es compromet a no realitzar publicitat enganyosa. En aquest sentit, no es consideraran publicitat enganyosa els errors formals o num\u00e8rics que es puguin trobar en el contingut de les diferents seccions de la studionotable.tv a causa del manteniment i\/o de l&#8217;actualitzaci\u00f3 incompleta o defectuosa de la informaci\u00f3 continguda en aquestes seccions de la <a href=\"https:\/\/studionotable.tv\/es\/\" data-type=\"page\" data-id=\"17\">studionotable.tv<\/a> com a conseq\u00fc\u00e8ncia d&#8217;all\u00f2 esmentat en aquest apartat, Notable Studio es compromet a corregir aquesta situaci\u00f3 tan aviat com tingui const\u00e0ncia dels esmentats errors.<\/p>\n\n<h3 class=\"wp-block-heading\">ACCEPTACI\u00d3<\/h3>\n\n<p>L&#8217;\u00fas de la <a href=\"https:\/\/studionotable.tv\/es\/\" data-type=\"page\" data-id=\"17\">studionotable.tv<\/a> implica l&#8217;expressa i plena acceptaci\u00f3 d&#8217;aquestes condicions generals i de totes i cadascuna de les disposicions incloses en aquest av\u00eds legal en la versi\u00f3 publicada en el moment en qu\u00e8 l&#8217;usuari accedeix a aquest av\u00eds (excepte la pol\u00edtica de privacitat, que caldr\u00e0 acceptar-la expressament). En conseq\u00fc\u00e8ncia, es recomana que l&#8217;usuari llegeixi aquest av\u00eds legal cada vegada que accedeixi a la studionotable.tv, at\u00e8s que es poden produir modificacions en les condicions generals, sense perjudici de les condicions particulars que es puguin aplicar a determinats serveis concrets de la <a href=\"https:\/\/studionotable.tv\/es\/\" data-type=\"page\" data-id=\"17\">studionotable.tv<\/a>.<\/p>\n\n<h3 class=\"wp-block-heading\">LEGISLACI\u00d3 I JURISDICCI\u00d3 APLICABLE<\/h3>\n\n<p>Les presents condicions d&#8217;acc\u00e9s i \u00fas queden subjectes a la legislaci\u00f3 andorrana i a la compet\u00e8ncia dels seus tribunals.<\/p>\n","protected":false},"excerpt":{"rendered":"<p>Aquest av\u00eds legal recull les condicions generals que regulen l&#8217;acc\u00e9s i l&#8217;\u00fas de la plana web URL WEB, d&#8217;ara endavant \u00abstudionotable.tv\u00bb, del qual \u00e9s titular i propiet\u00e0ria Notable Studio societat domiciliada a Carretera de la Gonarda, casa 18 l\u2019Aldosa AD400 La Massana, (inscrita al Registre de Societats del Principat d&#8217;Andorra amb n\u00famero de registre tributari [&hellip;]<\/p>\n","protected":false},"author":1,"featured_media":0,"parent":0,"menu_order":0,"comment_status":"closed","ping_status":"closed","template":"","meta":{"footnotes":""},"class_list":["post-1562","page","type-page","status-publish","hentry"],"yoast_head":"<!-- This site is optimized with the Yoast SEO plugin v27.2 - https:\/\/yoast.com\/product\/yoast-seo-wordpress\/ -->\n<title>Av\u00edso legal - Notable<\/title>\n<meta name=\"robots\" content=\"index, follow, max-snippet:-1, max-image-preview:large, max-video-preview:-1\" \/>\n<link rel=\"canonical\" href=\"https:\/\/studionotable.tv\/es\/aviso-legal\/\" \/>\n<meta property=\"og:locale\" content=\"es_ES\" \/>\n<meta property=\"og:type\" content=\"article\" \/>\n<meta property=\"og:title\" content=\"Av\u00edso legal - Notable\" \/>\n<meta property=\"og:description\" content=\"Aquest av\u00eds legal recull les condicions generals que regulen l&#8217;acc\u00e9s i l&#8217;\u00fas de la plana web URL WEB, d&#8217;ara endavant \u00abstudionotable.tv\u00bb, del qual \u00e9s titular i propiet\u00e0ria Notable Studio societat domiciliada a Carretera de la Gonarda, casa 18 l\u2019Aldosa AD400 La Massana, (inscrita al Registre de Societats del Principat d&#8217;Andorra amb n\u00famero de registre tributari [&hellip;]\" \/>\n<meta property=\"og:url\" content=\"https:\/\/studionotable.tv\/es\/aviso-legal\/\" \/>\n<meta property=\"og:site_name\" content=\"Notable\" \/>\n<meta property=\"article:modified_time\" content=\"2023-11-14T17:58:47+00:00\" \/>\n<meta name=\"twitter:card\" content=\"summary_large_image\" \/>\n<meta name=\"twitter:label1\" content=\"Tiempo de lectura\" \/>\n\t<meta name=\"twitter:data1\" content=\"9 minutos\" \/>\n<script type=\"application\/ld+json\" class=\"yoast-schema-graph\">{\"@context\":\"https:\/\/schema.org\",\"@graph\":[{\"@type\":\"WebPage\",\"@id\":\"https:\/\/studionotable.tv\/es\/aviso-legal\/\",\"url\":\"https:\/\/studionotable.tv\/es\/aviso-legal\/\",\"name\":\"Av\u00edso legal - Notable\",\"isPartOf\":{\"@id\":\"https:\/\/studionotable.tv\/es\/#website\"},\"datePublished\":\"2023-11-14T17:52:35+00:00\",\"dateModified\":\"2023-11-14T17:58:47+00:00\",\"breadcrumb\":{\"@id\":\"https:\/\/studionotable.tv\/es\/aviso-legal\/#breadcrumb\"},\"inLanguage\":\"es\",\"potentialAction\":[{\"@type\":\"ReadAction\",\"target\":[\"https:\/\/studionotable.tv\/es\/aviso-legal\/\"]}]},{\"@type\":\"BreadcrumbList\",\"@id\":\"https:\/\/studionotable.tv\/es\/aviso-legal\/#breadcrumb\",\"itemListElement\":[{\"@type\":\"ListItem\",\"position\":1,\"name\":\"Home\",\"item\":\"https:\/\/studionotable.tv\/es\/inicio\/\"},{\"@type\":\"ListItem\",\"position\":2,\"name\":\"Av\u00edso legal\"}]},{\"@type\":\"WebSite\",\"@id\":\"https:\/\/studionotable.tv\/es\/#website\",\"url\":\"https:\/\/studionotable.tv\/es\/\",\"name\":\"https:\/\/studionotable.tv\/\",\"description\":\"\",\"publisher\":{\"@id\":\"https:\/\/studionotable.tv\/es\/#organization\"},\"potentialAction\":[{\"@type\":\"SearchAction\",\"target\":{\"@type\":\"EntryPoint\",\"urlTemplate\":\"https:\/\/studionotable.tv\/es\/?s={search_term_string}\"},\"query-input\":{\"@type\":\"PropertyValueSpecification\",\"valueRequired\":true,\"valueName\":\"search_term_string\"}}],\"inLanguage\":\"es\"},{\"@type\":\"Organization\",\"@id\":\"https:\/\/studionotable.tv\/es\/#organization\",\"name\":\"Notable Studio\",\"url\":\"https:\/\/studionotable.tv\/es\/\",\"logo\":{\"@type\":\"ImageObject\",\"inLanguage\":\"es\",\"@id\":\"https:\/\/studionotable.tv\/es\/#\/schema\/logo\/image\/\",\"url\":\"https:\/\/studionotable.tv\/wp-content\/uploads\/2022\/01\/logo-notable-h.svg\",\"contentUrl\":\"https:\/\/studionotable.tv\/wp-content\/uploads\/2022\/01\/logo-notable-h.svg\",\"width\":401.46,\"height\":144.41,\"caption\":\"Notable Studio\"},\"image\":{\"@id\":\"https:\/\/studionotable.tv\/es\/#\/schema\/logo\/image\/\"},\"sameAs\":[\"https:\/\/www.instagram.com\/notablestudio.tv\/\",\"https:\/\/www.behance.net\/studionotable\",\"https:\/\/vimeo.com\/studionotable\"]}]}<\/script>\n<!-- \/ Yoast SEO plugin. -->","yoast_head_json":{"title":"Av\u00edso legal - Notable","robots":{"index":"index","follow":"follow","max-snippet":"max-snippet:-1","max-image-preview":"max-image-preview:large","max-video-preview":"max-video-preview:-1"},"canonical":"https:\/\/studionotable.tv\/es\/aviso-legal\/","og_locale":"es_ES","og_type":"article","og_title":"Av\u00edso legal - Notable","og_description":"Aquest av\u00eds legal recull les condicions generals que regulen l&#8217;acc\u00e9s i l&#8217;\u00fas de la plana web URL WEB, d&#8217;ara endavant \u00abstudionotable.tv\u00bb, del qual \u00e9s titular i propiet\u00e0ria Notable Studio societat domiciliada a Carretera de la Gonarda, casa 18 l\u2019Aldosa AD400 La Massana, (inscrita al Registre de Societats del Principat d&#8217;Andorra amb n\u00famero de registre tributari [&hellip;]","og_url":"https:\/\/studionotable.tv\/es\/aviso-legal\/","og_site_name":"Notable","article_modified_time":"2023-11-14T17:58:47+00:00","twitter_card":"summary_large_image","twitter_misc":{"Tiempo de lectura":"9 minutos"},"schema":{"@context":"https:\/\/schema.org","@graph":[{"@type":"WebPage","@id":"https:\/\/studionotable.tv\/es\/aviso-legal\/","url":"https:\/\/studionotable.tv\/es\/aviso-legal\/","name":"Av\u00edso legal - Notable","isPartOf":{"@id":"https:\/\/studionotable.tv\/es\/#website"},"datePublished":"2023-11-14T17:52:35+00:00","dateModified":"2023-11-14T17:58:47+00:00","breadcrumb":{"@id":"https:\/\/studionotable.tv\/es\/aviso-legal\/#breadcrumb"},"inLanguage":"es","potentialAction":[{"@type":"ReadAction","target":["https:\/\/studionotable.tv\/es\/aviso-legal\/"]}]},{"@type":"BreadcrumbList","@id":"https:\/\/studionotable.tv\/es\/aviso-legal\/#breadcrumb","itemListElement":[{"@type":"ListItem","position":1,"name":"Home","item":"https:\/\/studionotable.tv\/es\/inicio\/"},{"@type":"ListItem","position":2,"name":"Av\u00edso legal"}]},{"@type":"WebSite","@id":"https:\/\/studionotable.tv\/es\/#website","url":"https:\/\/studionotable.tv\/es\/","name":"https:\/\/studionotable.tv\/","description":"","publisher":{"@id":"https:\/\/studionotable.tv\/es\/#organization"},"potentialAction":[{"@type":"SearchAction","target":{"@type":"EntryPoint","urlTemplate":"https:\/\/studionotable.tv\/es\/?s={search_term_string}"},"query-input":{"@type":"PropertyValueSpecification","valueRequired":true,"valueName":"search_term_string"}}],"inLanguage":"es"},{"@type":"Organization","@id":"https:\/\/studionotable.tv\/es\/#organization","name":"Notable Studio","url":"https:\/\/studionotable.tv\/es\/","logo":{"@type":"ImageObject","inLanguage":"es","@id":"https:\/\/studionotable.tv\/es\/#\/schema\/logo\/image\/","url":"https:\/\/studionotable.tv\/wp-content\/uploads\/2022\/01\/logo-notable-h.svg","contentUrl":"https:\/\/studionotable.tv\/wp-content\/uploads\/2022\/01\/logo-notable-h.svg","width":401.46,"height":144.41,"caption":"Notable Studio"},"image":{"@id":"https:\/\/studionotable.tv\/es\/#\/schema\/logo\/image\/"},"sameAs":["https:\/\/www.instagram.com\/notablestudio.tv\/","https:\/\/www.behance.net\/studionotable","https:\/\/vimeo.com\/studionotable"]}]}},"_links":{"self":[{"href":"https:\/\/studionotable.tv\/es\/wp-json\/wp\/v2\/pages\/1562","targetHints":{"allow":["GET"]}}],"collection":[{"href":"https:\/\/studionotable.tv\/es\/wp-json\/wp\/v2\/pages"}],"about":[{"href":"https:\/\/studionotable.tv\/es\/wp-json\/wp\/v2\/types\/page"}],"author":[{"embeddable":true,"href":"https:\/\/studionotable.tv\/es\/wp-json\/wp\/v2\/users\/1"}],"replies":[{"embeddable":true,"href":"https:\/\/studionotable.tv\/es\/wp-json\/wp\/v2\/comments?post=1562"}],"version-history":[{"count":1,"href":"https:\/\/studionotable.tv\/es\/wp-json\/wp\/v2\/pages\/1562\/revisions"}],"predecessor-version":[{"id":1563,"href":"https:\/\/studionotable.tv\/es\/wp-json\/wp\/v2\/pages\/1562\/revisions\/1563"}],"wp:attachment":[{"href":"https:\/\/studionotable.tv\/es\/wp-json\/wp\/v2\/media?parent=1562"}],"curies":[{"name":"wp","href":"https:\/\/api.w.org\/{rel}","templated":true}]}}