{"id":1439,"date":"2023-09-25T16:16:56","date_gmt":"2023-09-25T15:16:56","guid":{"rendered":"http:\/\/studionotable.tv\/what-we-do\/"},"modified":"2025-11-20T10:30:58","modified_gmt":"2025-11-20T09:30:58","slug":"what-we-do","status":"publish","type":"page","link":"https:\/\/studionotable.tv\/es\/what-we-do\/","title":{"rendered":"Servicios"},"content":{"rendered":"\t\t<div data-elementor-type=\"wp-page\" data-elementor-id=\"1439\" class=\"elementor elementor-1439 elementor-79\" data-elementor-post-type=\"page\">\n\t\t\t\t<div class=\"elementor-element elementor-element-70bc89d c-box e-flex e-con-boxed e-con e-parent\" data-id=\"70bc89d\" data-element_type=\"container\" data-e-type=\"container\" data-settings=\"{&quot;jet_parallax_layout_list&quot;:[]}\">\n\t\t\t\t\t<div class=\"e-con-inner\">\n\t\t<div class=\"elementor-element elementor-element-97f46f7 e-con-full e-flex e-con e-child\" data-id=\"97f46f7\" data-element_type=\"container\" data-e-type=\"container\" data-settings=\"{&quot;jet_parallax_layout_list&quot;:[]}\">\n\t\t\t\t<div class=\"elementor-element elementor-element-c6bf293 n-text elementor-widget elementor-widget-heading\" data-id=\"c6bf293\" data-element_type=\"widget\" data-e-type=\"widget\" data-widget_type=\"heading.default\">\n\t\t\t\t<div class=\"elementor-widget-container\">\n\t\t\t\t\t<h1 class=\"elementor-heading-title elementor-size-default\"><span>Please note:<\/span><br>We don\u2019t follow orders, <br>we C\u273a-Create.<\/h1>\t\t\t\t<\/div>\n\t\t\t\t<\/div>\n\t\t\t\t<div class=\"elementor-element elementor-element-14ec741 n-long-text elementor-widget elementor-widget-text-editor\" data-id=\"14ec741\" data-element_type=\"widget\" data-e-type=\"widget\" data-widget_type=\"text-editor.default\">\n\t\t\t\t<div class=\"elementor-widget-container\">\n\t\t\t\t\t\t\t\t\t<p>Your input in every stage of the project is key. We merge your vision with our experience to create unique narratives that connect with people. <\/p>\n\t\t\t\t\t\t\t\t<\/div>\n\t\t\t\t<\/div>\n\t\t\t\t<\/div>\n\t\t<div class=\"elementor-element elementor-element-a079d68 e-con-full e-flex e-con e-child\" data-id=\"a079d68\" data-element_type=\"container\" data-e-type=\"container\" data-settings=\"{&quot;jet_parallax_layout_list&quot;:[]}\">\n\t\t\t\t<div class=\"elementor-element elementor-element-f972f11 elementor-widescreen-align-center elementor-laptop-align-center elementor-tablet-align-center elementor-mobile-align-center elementor-widget elementor-widget-jet-lottie\" data-id=\"f972f11\" data-element_type=\"widget\" data-e-type=\"widget\" data-widget_type=\"jet-lottie.default\">\n\t\t\t\t<div class=\"elementor-widget-container\">\n\t\t\t\t\t<div class=\"elementor-jet-lottie jet-elements\"><div class=\"jet-lottie\" data-settings=\"{&quot;path&quot;:&quot;https:\\\/\\\/studionotable.tv\\\/wp-content\\\/uploads\\\/2024\\\/09\\\/Lottie_web-4.json&quot;,&quot;renderer&quot;:&quot;svg&quot;,&quot;action_start&quot;:&quot;autoplay&quot;,&quot;delay&quot;:0,&quot;on_hover_out&quot;:&quot;default&quot;,&quot;redirect_timeout&quot;:0,&quot;viewport&quot;:&quot;&quot;,&quot;loop&quot;:true,&quot;loop_times&quot;:&quot;&quot;,&quot;reversed&quot;:false,&quot;play_speed&quot;:1}\"><div class=\"jet-lottie__elem\"><\/div><\/div><\/div>\t\t\t\t<\/div>\n\t\t\t\t<\/div>\n\t\t\t\t<\/div>\n\t\t\t\t\t<\/div>\n\t\t\t\t<\/div>\n\t\t<div class=\"elementor-element elementor-element-62098d9 c-box e-flex e-con-boxed e-con e-parent\" data-id=\"62098d9\" data-element_type=\"container\" data-e-type=\"container\" data-settings=\"{&quot;jet_parallax_layout_list&quot;:[]}\">\n\t\t\t\t\t<div class=\"e-con-inner\">\n\t\t\t\t<div class=\"elementor-element elementor-element-59fe216 n-text elementor-widget elementor-widget-heading\" data-id=\"59fe216\" data-element_type=\"widget\" data-e-type=\"widget\" data-widget_type=\"heading.default\">\n\t\t\t\t<div class=\"elementor-widget-container\">\n\t\t\t\t\t<h3 class=\"elementor-heading-title elementor-size-default\">\u00bfQu\u00e9 podemos hacer por ti?<\/h3>\t\t\t\t<\/div>\n\t\t\t\t<\/div>\n\t\t\t\t<div class=\"elementor-element elementor-element-de15bea elementor-align-center elementor-icon-list--layout-traditional elementor-list-item-link-full_width elementor-widget elementor-widget-icon-list\" data-id=\"de15bea\" data-element_type=\"widget\" data-e-type=\"widget\" data-widget_type=\"icon-list.default\">\n\t\t\t\t<div class=\"elementor-widget-container\">\n\t\t\t\t\t\t\t<ul class=\"elementor-icon-list-items\">\n\t\t\t\t\t\t\t<li class=\"elementor-icon-list-item\">\n\t\t\t\t\t\t\t\t\t\t<span class=\"elementor-icon-list-text\">Animaci\u00f3n 2D y 3D <\/span>\n\t\t\t\t\t\t\t\t\t<\/li>\n\t\t\t\t\t\t\t\t<li class=\"elementor-icon-list-item\">\n\t\t\t\t\t\t\t\t\t\t<span class=\"elementor-icon-list-text\">Motion graphics<\/span>\n\t\t\t\t\t\t\t\t\t<\/li>\n\t\t\t\t\t\t\t\t<li class=\"elementor-icon-list-item\">\n\t\t\t\t\t\t\t\t\t\t<span class=\"elementor-icon-list-text\">Motion systems<\/span>\n\t\t\t\t\t\t\t\t\t<\/li>\n\t\t\t\t\t\t\t\t<li class=\"elementor-icon-list-item\">\n\t\t\t\t\t\t\t\t\t\t<span class=\"elementor-icon-list-text\">V\u00eddeo explicativo<\/span>\n\t\t\t\t\t\t\t\t\t<\/li>\n\t\t\t\t\t\t\t\t<li class=\"elementor-icon-list-item\">\n\t\t\t\t\t\t\t\t\t\t<span class=\"elementor-icon-list-text\">Video mix media<\/span>\n\t\t\t\t\t\t\t\t\t<\/li>\n\t\t\t\t\t\t\t\t<li class=\"elementor-icon-list-item\">\n\t\t\t\t\t\t\t\t\t\t<span class=\"elementor-icon-list-text\">Identidad visual<\/span>\n\t\t\t\t\t\t\t\t\t<\/li>\n\t\t\t\t\t\t\t\t<li class=\"elementor-icon-list-item\">\n\t\t\t\t\t\t\t\t\t\t<span class=\"elementor-icon-list-text\">Direcci\u00f3n de Arte<\/span>\n\t\t\t\t\t\t\t\t\t<\/li>\n\t\t\t\t\t\t\t\t<li class=\"elementor-icon-list-item\">\n\t\t\t\t\t\t\t\t\t\t<span class=\"elementor-icon-list-text\">Ilustraci\u00f3n<\/span>\n\t\t\t\t\t\t\t\t\t<\/li>\n\t\t\t\t\t\t<\/ul>\n\t\t\t\t\t\t<\/div>\n\t\t\t\t<\/div>\n\t\t\t\t<div class=\"elementor-element elementor-element-25e7cae elementor-widget__width-initial elementor-widget-mobile__width-inherit n-long-text elementor-widget-tablet__width-initial elementor-widget elementor-widget-text-editor\" data-id=\"25e7cae\" data-element_type=\"widget\" data-e-type=\"widget\" data-widget_type=\"text-editor.default\">\n\t\t\t\t<div class=\"elementor-widget-container\">\n\t\t\t\t\t\t\t\t\t<p class=\"\" data-start=\"130\" data-end=\"221\">If you have something important to say, we are here to make it <span style=\"text-decoration: underline;\">visible.<\/span><\/p>\n\t\t\t\t\t\t\t\t<\/div>\n\t\t\t\t<\/div>\n\t\t\t\t\t<\/div>\n\t\t\t\t<\/div>\n\t\t\t\t<\/div>\n\t\t","protected":false},"excerpt":{"rendered":"<p>Please note:We don\u2019t follow orders, we C\u273a-Create. Your input in every stage of the project is key. We merge your vision with our experience to create unique narratives that connect with people. \u00bfQu\u00e9 podemos hacer por ti? Animaci\u00f3n 2D y 3D Motion graphics Motion systems V\u00eddeo explicativo Video mix media Identidad visual Direcci\u00f3n de Arte [&hellip;]<\/p>\n","protected":false},"author":1,"featured_media":0,"parent":0,"menu_order":0,"comment_status":"closed","ping_status":"closed","template":"","meta":{"footnotes":""},"class_list":["post-1439","page","type-page","status-publish","hentry"],"yoast_head":"<!-- This site is optimized with the Yoast SEO plugin v27.2 - https:\/\/yoast.com\/product\/yoast-seo-wordpress\/ -->\n<title>Motion Design for NGO&#039;s | StudioNotable.tv<\/title>\n<meta name=\"description\" content=\"NotableStudio is a studio specialized in animated graphics design, also known as Motion Graphics for NGO&#039;s and purpose-driven brands.\" \/>\n<meta name=\"robots\" content=\"index, follow, max-snippet:-1, max-image-preview:large, max-video-preview:-1\" \/>\n<link rel=\"canonical\" href=\"https:\/\/studionotable.tv\/es\/what-we-do\/\" \/>\n<meta property=\"og:locale\" content=\"es_ES\" \/>\n<meta property=\"og:type\" content=\"article\" \/>\n<meta property=\"og:title\" content=\"Motion Design for NGO&#039;s | StudioNotable.tv\" \/>\n<meta property=\"og:description\" content=\"NotableStudio is a studio specialized in animated graphics design, also known as Motion Graphics for NGO&#039;s and purpose-driven brands.\" \/>\n<meta property=\"og:url\" content=\"https:\/\/studionotable.tv\/es\/what-we-do\/\" \/>\n<meta property=\"og:site_name\" content=\"Notable\" \/>\n<meta property=\"article:modified_time\" content=\"2025-11-20T09:30:58+00:00\" \/>\n<meta name=\"twitter:card\" content=\"summary_large_image\" \/>\n<meta name=\"twitter:label1\" content=\"Tiempo de lectura\" \/>\n\t<meta name=\"twitter:data1\" content=\"3 minutos\" \/>\n<script type=\"application\/ld+json\" class=\"yoast-schema-graph\">{\"@context\":\"https:\/\/schema.org\",\"@graph\":[{\"@type\":\"WebPage\",\"@id\":\"https:\/\/studionotable.tv\/es\/what-we-do\/\",\"url\":\"https:\/\/studionotable.tv\/es\/what-we-do\/\",\"name\":\"Motion Design for NGO's | StudioNotable.tv\",\"isPartOf\":{\"@id\":\"https:\/\/studionotable.tv\/es\/#website\"},\"datePublished\":\"2023-09-25T15:16:56+00:00\",\"dateModified\":\"2025-11-20T09:30:58+00:00\",\"description\":\"NotableStudio is a studio specialized in animated graphics design, also known as Motion Graphics for NGO's and purpose-driven brands.\",\"breadcrumb\":{\"@id\":\"https:\/\/studionotable.tv\/es\/what-we-do\/#breadcrumb\"},\"inLanguage\":\"es\",\"potentialAction\":[{\"@type\":\"ReadAction\",\"target\":[\"https:\/\/studionotable.tv\/es\/what-we-do\/\"]}]},{\"@type\":\"BreadcrumbList\",\"@id\":\"https:\/\/studionotable.tv\/es\/what-we-do\/#breadcrumb\",\"itemListElement\":[{\"@type\":\"ListItem\",\"position\":1,\"name\":\"Home\",\"item\":\"https:\/\/studionotable.tv\/es\/inicio\/\"},{\"@type\":\"ListItem\",\"position\":2,\"name\":\"Servicios\"}]},{\"@type\":\"WebSite\",\"@id\":\"https:\/\/studionotable.tv\/es\/#website\",\"url\":\"https:\/\/studionotable.tv\/es\/\",\"name\":\"https:\/\/studionotable.tv\/\",\"description\":\"\",\"publisher\":{\"@id\":\"https:\/\/studionotable.tv\/es\/#organization\"},\"potentialAction\":[{\"@type\":\"SearchAction\",\"target\":{\"@type\":\"EntryPoint\",\"urlTemplate\":\"https:\/\/studionotable.tv\/es\/?s={search_term_string}\"},\"query-input\":{\"@type\":\"PropertyValueSpecification\",\"valueRequired\":true,\"valueName\":\"search_term_string\"}}],\"inLanguage\":\"es\"},{\"@type\":\"Organization\",\"@id\":\"https:\/\/studionotable.tv\/es\/#organization\",\"name\":\"Notable Studio\",\"url\":\"https:\/\/studionotable.tv\/es\/\",\"logo\":{\"@type\":\"ImageObject\",\"inLanguage\":\"es\",\"@id\":\"https:\/\/studionotable.tv\/es\/#\/schema\/logo\/image\/\",\"url\":\"https:\/\/studionotable.tv\/wp-content\/uploads\/2022\/01\/logo-notable-h.svg\",\"contentUrl\":\"https:\/\/studionotable.tv\/wp-content\/uploads\/2022\/01\/logo-notable-h.svg\",\"width\":401.46,\"height\":144.41,\"caption\":\"Notable Studio\"},\"image\":{\"@id\":\"https:\/\/studionotable.tv\/es\/#\/schema\/logo\/image\/\"},\"sameAs\":[\"https:\/\/www.instagram.com\/notablestudio.tv\/\",\"https:\/\/www.behance.net\/studionotable\",\"https:\/\/vimeo.com\/studionotable\"]}]}<\/script>\n<!-- \/ Yoast SEO plugin. -->","yoast_head_json":{"title":"Motion Design for NGO's | StudioNotable.tv","description":"NotableStudio is a studio specialized in animated graphics design, also known as Motion Graphics for NGO's and purpose-driven brands.","robots":{"index":"index","follow":"follow","max-snippet":"max-snippet:-1","max-image-preview":"max-image-preview:large","max-video-preview":"max-video-preview:-1"},"canonical":"https:\/\/studionotable.tv\/es\/what-we-do\/","og_locale":"es_ES","og_type":"article","og_title":"Motion Design for NGO's | StudioNotable.tv","og_description":"NotableStudio is a studio specialized in animated graphics design, also known as Motion Graphics for NGO's and purpose-driven brands.","og_url":"https:\/\/studionotable.tv\/es\/what-we-do\/","og_site_name":"Notable","article_modified_time":"2025-11-20T09:30:58+00:00","twitter_card":"summary_large_image","twitter_misc":{"Tiempo de lectura":"3 minutos"},"schema":{"@context":"https:\/\/schema.org","@graph":[{"@type":"WebPage","@id":"https:\/\/studionotable.tv\/es\/what-we-do\/","url":"https:\/\/studionotable.tv\/es\/what-we-do\/","name":"Motion Design for NGO's | StudioNotable.tv","isPartOf":{"@id":"https:\/\/studionotable.tv\/es\/#website"},"datePublished":"2023-09-25T15:16:56+00:00","dateModified":"2025-11-20T09:30:58+00:00","description":"NotableStudio is a studio specialized in animated graphics design, also known as Motion Graphics for NGO's and purpose-driven brands.","breadcrumb":{"@id":"https:\/\/studionotable.tv\/es\/what-we-do\/#breadcrumb"},"inLanguage":"es","potentialAction":[{"@type":"ReadAction","target":["https:\/\/studionotable.tv\/es\/what-we-do\/"]}]},{"@type":"BreadcrumbList","@id":"https:\/\/studionotable.tv\/es\/what-we-do\/#breadcrumb","itemListElement":[{"@type":"ListItem","position":1,"name":"Home","item":"https:\/\/studionotable.tv\/es\/inicio\/"},{"@type":"ListItem","position":2,"name":"Servicios"}]},{"@type":"WebSite","@id":"https:\/\/studionotable.tv\/es\/#website","url":"https:\/\/studionotable.tv\/es\/","name":"https:\/\/studionotable.tv\/","description":"","publisher":{"@id":"https:\/\/studionotable.tv\/es\/#organization"},"potentialAction":[{"@type":"SearchAction","target":{"@type":"EntryPoint","urlTemplate":"https:\/\/studionotable.tv\/es\/?s={search_term_string}"},"query-input":{"@type":"PropertyValueSpecification","valueRequired":true,"valueName":"search_term_string"}}],"inLanguage":"es"},{"@type":"Organization","@id":"https:\/\/studionotable.tv\/es\/#organization","name":"Notable Studio","url":"https:\/\/studionotable.tv\/es\/","logo":{"@type":"ImageObject","inLanguage":"es","@id":"https:\/\/studionotable.tv\/es\/#\/schema\/logo\/image\/","url":"https:\/\/studionotable.tv\/wp-content\/uploads\/2022\/01\/logo-notable-h.svg","contentUrl":"https:\/\/studionotable.tv\/wp-content\/uploads\/2022\/01\/logo-notable-h.svg","width":401.46,"height":144.41,"caption":"Notable Studio"},"image":{"@id":"https:\/\/studionotable.tv\/es\/#\/schema\/logo\/image\/"},"sameAs":["https:\/\/www.instagram.com\/notablestudio.tv\/","https:\/\/www.behance.net\/studionotable","https:\/\/vimeo.com\/studionotable"]}]}},"_links":{"self":[{"href":"https:\/\/studionotable.tv\/es\/wp-json\/wp\/v2\/pages\/1439","targetHints":{"allow":["GET"]}}],"collection":[{"href":"https:\/\/studionotable.tv\/es\/wp-json\/wp\/v2\/pages"}],"about":[{"href":"https:\/\/studionotable.tv\/es\/wp-json\/wp\/v2\/types\/page"}],"author":[{"embeddable":true,"href":"https:\/\/studionotable.tv\/es\/wp-json\/wp\/v2\/users\/1"}],"replies":[{"embeddable":true,"href":"https:\/\/studionotable.tv\/es\/wp-json\/wp\/v2\/comments?post=1439"}],"version-history":[{"count":8,"href":"https:\/\/studionotable.tv\/es\/wp-json\/wp\/v2\/pages\/1439\/revisions"}],"predecessor-version":[{"id":6631,"href":"https:\/\/studionotable.tv\/es\/wp-json\/wp\/v2\/pages\/1439\/revisions\/6631"}],"wp:attachment":[{"href":"https:\/\/studionotable.tv\/es\/wp-json\/wp\/v2\/media?parent=1439"}],"curies":[{"name":"wp","href":"https:\/\/api.w.org\/{rel}","templated":true}]}}