{"id":1556,"date":"2023-11-13T19:47:34","date_gmt":"2023-11-13T17:47:34","guid":{"rendered":"http:\/\/studionotable.tv\/politica-de-cookies\/"},"modified":"2023-11-14T19:56:49","modified_gmt":"2023-11-14T17:56:49","slug":"politica-de-cookies","status":"publish","type":"page","link":"https:\/\/studionotable.tv\/ca\/politica-de-cookies\/","title":{"rendered":"Pol\u00edtica de cookies"},"content":{"rendered":"\n<p>Notable Studio, en el seu web studionotable.tv, utilitza galetes pr\u00f2pies o b\u00e9 d\u2019empreses col\u00b7laboradores amb l\u2019objecte de millorar i optimitzar l\u2019experi\u00e8ncia d\u2019usuari. Per tal que siguin recollides n\u2019\u00e9s necessari el consentiment.<\/p>\n\n<h3 class=\"wp-block-heading\">Qu\u00e8 s\u00f3n les galetes?<\/h3>\n\n<p>Les galetes o cookies s\u00f3n un tipus de fitxer que es descarrega a l\u2019equip d\u2019un usuari\/client del web amb la finalitat de recollir dades que podran ser actualitzades i recuperades per l\u2019entitat responsable de la instal\u00b7laci\u00f3. Notable Studio utilitza galetes principalment per a les q\u00fcestions seg\u00fcents:<\/p>\n\n<ul class=\"wp-block-list\">\n<li>Assegurar el funcionament correcte del lloc web de Notable Studio.<\/li>\n\n\n\n<li>Emmagatzemar temporalment la informaci\u00f3 relativa a les prefer\u00e8ncies de l\u2019usuari, com pot ser l\u2019idioma. <\/li>\n\n\n\n<li>Recollir informaci\u00f3 estad\u00edstica, amb l\u2019objecte de millorar l\u2019experi\u00e8ncia en el lloc web.<\/li>\n<\/ul>\n\n<p>La utilitzaci\u00f3 de les galetes per part de Notable Studio es deu al prop\u00f2sit d\u2019intentar optimitzar la informaci\u00f3 i els serveis oferts als usuaris, per millorar l\u2019experi\u00e8ncia cada cop que s\u2019utilitzen els serveis web.<\/p>\n\n<h3 class=\"wp-block-heading\">Quines dades es recullen?<\/h3>\n\n<p>Les galetes utilitzades per Notable Studio s\u00f3n les seg\u00fcents:<\/p>\n\n<ul class=\"wp-block-list\">\n<li>Cookies t\u00e8cniques<\/li>\n\n\n\n<li>Cookies de personalizaci\u00f3<\/li>\n\n\n\n<li>Cookies d\u2019an\u00e0lisis<\/li>\n\n\n\n<li>Cookies de reproductor multimedia<\/li>\n<\/ul>\n\n<h3 class=\"wp-block-heading\">Configuraci\u00f3 de les galetes<\/h3>\n\n<p>D\u2019acord amb la normativa vigent, Notable Studio sol\u00b7licita el seu perm\u00eds per realitzar la gesti\u00f3 de galetes.<br\/>Li recordem que pot deshabilitar o personalitzar l\u2019\u00fas de galetes quan ho consideri oport\u00fa. El vostre consentiment s&#8217;aplica als dominis seg\u00fcents: studionotable.tv<br\/>El vostre estat actual: Permet-les totes\/Personalitzades\/Rebutjar-les totes.<\/p>\n\n<p>Data de consentiment:<\/p>\n\n<p>Canviar el vostre consentiment studionotable.tv | Retirar el consentiment studionotable.tv <\/p>\n\n<p>ALERTA! Es recorda que acceptar o rebutjar galetes ha de ser igual de senzill i retirar-ne el consentiment tamb\u00e9.<\/p>\n\n<p>P\u00e0gina 6 de 7A m\u00e9s a m\u00e9s, podr\u00e0 realitzar la corresponent modificaci\u00f3 a trav\u00e9s dels par\u00e0metres de configuraci\u00f3 del seu navegador web.<\/p>\n\n<p>At\u00e8s que el procediment pot diferir en cada navegador web, li proporcionem la relaci\u00f3 dels principals navegadors web del mercat:<\/p>\n\n<ul class=\"wp-block-list\">\n<li><a href=\"http:\/\/windows.microsoft.com\/es-es\/windows-vista\/block-or-allow-cookies\">Microsoft <\/a><\/li>\n\n\n\n<li><a href=\"http:\/\/support.apple.com\/kb\/HT1677?viewlocale=es_ES\">Safari <\/a><\/li>\n\n\n\n<li><a href=\"https:\/\/support.google.com\/chrome\/answer\/95647?hl=es\">Google Chrome <\/a><\/li>\n\n\n\n<li><a href=\"http:\/\/support.mozilla.org\/es\/kb\/habilitar-y-deshabilitar-cookies-que-lossitios-we\">Firefox <\/a><\/li>\n<\/ul>\n\n<h3 class=\"wp-block-heading\">Revisi\u00f3 de la pol\u00edtica de galetes<\/h3>\n\n<p>Notable Studio t\u00e9 previst realitzar una revisi\u00f3 de la Pol\u00edtica de galetes amb car\u00e0cter anual; no obstant aix\u00f2, si hi ha algun altre factor que requereixi la revisi\u00f3, es realitzar\u00e0 amb m\u00e9s periodicitat.<\/p>\n","protected":false},"excerpt":{"rendered":"<p>Notable Studio, en el seu web studionotable.tv, utilitza galetes pr\u00f2pies o b\u00e9 d\u2019empreses col\u00b7laboradores amb l\u2019objecte de millorar i optimitzar l\u2019experi\u00e8ncia d\u2019usuari. Per tal que siguin recollides n\u2019\u00e9s necessari el consentiment. Qu\u00e8 s\u00f3n les galetes? Les galetes o cookies s\u00f3n un tipus de fitxer que es descarrega a l\u2019equip d\u2019un usuari\/client del web amb la [&hellip;]<\/p>\n","protected":false},"author":1,"featured_media":0,"parent":0,"menu_order":0,"comment_status":"closed","ping_status":"closed","template":"","meta":{"footnotes":""},"class_list":["post-1556","page","type-page","status-publish","hentry"],"yoast_head":"<!-- This site is optimized with the Yoast SEO plugin v27.2 - https:\/\/yoast.com\/product\/yoast-seo-wordpress\/ -->\n<title>Pol\u00edtica de cookies - Notable<\/title>\n<meta name=\"robots\" content=\"index, follow, max-snippet:-1, max-image-preview:large, max-video-preview:-1\" \/>\n<link rel=\"canonical\" href=\"https:\/\/studionotable.tv\/ca\/politica-de-cookies\/\" \/>\n<meta property=\"og:locale\" content=\"ca_ES\" \/>\n<meta property=\"og:type\" content=\"article\" \/>\n<meta property=\"og:title\" content=\"Pol\u00edtica de cookies - Notable\" \/>\n<meta property=\"og:description\" content=\"Notable Studio, en el seu web studionotable.tv, utilitza galetes pr\u00f2pies o b\u00e9 d\u2019empreses col\u00b7laboradores amb l\u2019objecte de millorar i optimitzar l\u2019experi\u00e8ncia d\u2019usuari. Per tal que siguin recollides n\u2019\u00e9s necessari el consentiment. Qu\u00e8 s\u00f3n les galetes? Les galetes o cookies s\u00f3n un tipus de fitxer que es descarrega a l\u2019equip d\u2019un usuari\/client del web amb la [&hellip;]\" \/>\n<meta property=\"og:url\" content=\"https:\/\/studionotable.tv\/ca\/politica-de-cookies\/\" \/>\n<meta property=\"og:site_name\" content=\"Notable\" \/>\n<meta property=\"article:modified_time\" content=\"2023-11-14T17:56:49+00:00\" \/>\n<meta name=\"twitter:card\" content=\"summary_large_image\" \/>\n<meta name=\"twitter:label1\" content=\"Temps estimat de lectura\" \/>\n\t<meta name=\"twitter:data1\" content=\"2 minuts\" \/>\n<script type=\"application\/ld+json\" class=\"yoast-schema-graph\">{\"@context\":\"https:\/\/schema.org\",\"@graph\":[{\"@type\":\"WebPage\",\"@id\":\"https:\/\/studionotable.tv\/ca\/politica-de-cookies\/\",\"url\":\"https:\/\/studionotable.tv\/ca\/politica-de-cookies\/\",\"name\":\"Pol\u00edtica de cookies - Notable\",\"isPartOf\":{\"@id\":\"https:\/\/studionotable.tv\/ca\/#website\"},\"datePublished\":\"2023-11-13T17:47:34+00:00\",\"dateModified\":\"2023-11-14T17:56:49+00:00\",\"breadcrumb\":{\"@id\":\"https:\/\/studionotable.tv\/ca\/politica-de-cookies\/#breadcrumb\"},\"inLanguage\":\"ca\",\"potentialAction\":[{\"@type\":\"ReadAction\",\"target\":[\"https:\/\/studionotable.tv\/ca\/politica-de-cookies\/\"]}]},{\"@type\":\"BreadcrumbList\",\"@id\":\"https:\/\/studionotable.tv\/ca\/politica-de-cookies\/#breadcrumb\",\"itemListElement\":[{\"@type\":\"ListItem\",\"position\":1,\"name\":\"Home\",\"item\":\"https:\/\/studionotable.tv\/ca\/inici\/\"},{\"@type\":\"ListItem\",\"position\":2,\"name\":\"Pol\u00edtica de cookies\"}]},{\"@type\":\"WebSite\",\"@id\":\"https:\/\/studionotable.tv\/ca\/#website\",\"url\":\"https:\/\/studionotable.tv\/ca\/\",\"name\":\"https:\/\/studionotable.tv\/\",\"description\":\"\",\"publisher\":{\"@id\":\"https:\/\/studionotable.tv\/ca\/#organization\"},\"potentialAction\":[{\"@type\":\"SearchAction\",\"target\":{\"@type\":\"EntryPoint\",\"urlTemplate\":\"https:\/\/studionotable.tv\/ca\/?s={search_term_string}\"},\"query-input\":{\"@type\":\"PropertyValueSpecification\",\"valueRequired\":true,\"valueName\":\"search_term_string\"}}],\"inLanguage\":\"ca\"},{\"@type\":\"Organization\",\"@id\":\"https:\/\/studionotable.tv\/ca\/#organization\",\"name\":\"Notable Studio\",\"url\":\"https:\/\/studionotable.tv\/ca\/\",\"logo\":{\"@type\":\"ImageObject\",\"inLanguage\":\"ca\",\"@id\":\"https:\/\/studionotable.tv\/ca\/#\/schema\/logo\/image\/\",\"url\":\"https:\/\/studionotable.tv\/wp-content\/uploads\/2022\/01\/logo-notable-h.svg\",\"contentUrl\":\"https:\/\/studionotable.tv\/wp-content\/uploads\/2022\/01\/logo-notable-h.svg\",\"width\":401.46,\"height\":144.41,\"caption\":\"Notable Studio\"},\"image\":{\"@id\":\"https:\/\/studionotable.tv\/ca\/#\/schema\/logo\/image\/\"},\"sameAs\":[\"https:\/\/www.instagram.com\/notablestudio.tv\/\",\"https:\/\/www.behance.net\/studionotable\",\"https:\/\/vimeo.com\/studionotable\"]}]}<\/script>\n<!-- \/ Yoast SEO plugin. -->","yoast_head_json":{"title":"Pol\u00edtica de cookies - Notable","robots":{"index":"index","follow":"follow","max-snippet":"max-snippet:-1","max-image-preview":"max-image-preview:large","max-video-preview":"max-video-preview:-1"},"canonical":"https:\/\/studionotable.tv\/ca\/politica-de-cookies\/","og_locale":"ca_ES","og_type":"article","og_title":"Pol\u00edtica de cookies - Notable","og_description":"Notable Studio, en el seu web studionotable.tv, utilitza galetes pr\u00f2pies o b\u00e9 d\u2019empreses col\u00b7laboradores amb l\u2019objecte de millorar i optimitzar l\u2019experi\u00e8ncia d\u2019usuari. Per tal que siguin recollides n\u2019\u00e9s necessari el consentiment. Qu\u00e8 s\u00f3n les galetes? Les galetes o cookies s\u00f3n un tipus de fitxer que es descarrega a l\u2019equip d\u2019un usuari\/client del web amb la [&hellip;]","og_url":"https:\/\/studionotable.tv\/ca\/politica-de-cookies\/","og_site_name":"Notable","article_modified_time":"2023-11-14T17:56:49+00:00","twitter_card":"summary_large_image","twitter_misc":{"Temps estimat de lectura":"2 minuts"},"schema":{"@context":"https:\/\/schema.org","@graph":[{"@type":"WebPage","@id":"https:\/\/studionotable.tv\/ca\/politica-de-cookies\/","url":"https:\/\/studionotable.tv\/ca\/politica-de-cookies\/","name":"Pol\u00edtica de cookies - Notable","isPartOf":{"@id":"https:\/\/studionotable.tv\/ca\/#website"},"datePublished":"2023-11-13T17:47:34+00:00","dateModified":"2023-11-14T17:56:49+00:00","breadcrumb":{"@id":"https:\/\/studionotable.tv\/ca\/politica-de-cookies\/#breadcrumb"},"inLanguage":"ca","potentialAction":[{"@type":"ReadAction","target":["https:\/\/studionotable.tv\/ca\/politica-de-cookies\/"]}]},{"@type":"BreadcrumbList","@id":"https:\/\/studionotable.tv\/ca\/politica-de-cookies\/#breadcrumb","itemListElement":[{"@type":"ListItem","position":1,"name":"Home","item":"https:\/\/studionotable.tv\/ca\/inici\/"},{"@type":"ListItem","position":2,"name":"Pol\u00edtica de cookies"}]},{"@type":"WebSite","@id":"https:\/\/studionotable.tv\/ca\/#website","url":"https:\/\/studionotable.tv\/ca\/","name":"https:\/\/studionotable.tv\/","description":"","publisher":{"@id":"https:\/\/studionotable.tv\/ca\/#organization"},"potentialAction":[{"@type":"SearchAction","target":{"@type":"EntryPoint","urlTemplate":"https:\/\/studionotable.tv\/ca\/?s={search_term_string}"},"query-input":{"@type":"PropertyValueSpecification","valueRequired":true,"valueName":"search_term_string"}}],"inLanguage":"ca"},{"@type":"Organization","@id":"https:\/\/studionotable.tv\/ca\/#organization","name":"Notable Studio","url":"https:\/\/studionotable.tv\/ca\/","logo":{"@type":"ImageObject","inLanguage":"ca","@id":"https:\/\/studionotable.tv\/ca\/#\/schema\/logo\/image\/","url":"https:\/\/studionotable.tv\/wp-content\/uploads\/2022\/01\/logo-notable-h.svg","contentUrl":"https:\/\/studionotable.tv\/wp-content\/uploads\/2022\/01\/logo-notable-h.svg","width":401.46,"height":144.41,"caption":"Notable Studio"},"image":{"@id":"https:\/\/studionotable.tv\/ca\/#\/schema\/logo\/image\/"},"sameAs":["https:\/\/www.instagram.com\/notablestudio.tv\/","https:\/\/www.behance.net\/studionotable","https:\/\/vimeo.com\/studionotable"]}]}},"_links":{"self":[{"href":"https:\/\/studionotable.tv\/ca\/wp-json\/wp\/v2\/pages\/1556","targetHints":{"allow":["GET"]}}],"collection":[{"href":"https:\/\/studionotable.tv\/ca\/wp-json\/wp\/v2\/pages"}],"about":[{"href":"https:\/\/studionotable.tv\/ca\/wp-json\/wp\/v2\/types\/page"}],"author":[{"embeddable":true,"href":"https:\/\/studionotable.tv\/ca\/wp-json\/wp\/v2\/users\/1"}],"replies":[{"embeddable":true,"href":"https:\/\/studionotable.tv\/ca\/wp-json\/wp\/v2\/comments?post=1556"}],"version-history":[{"count":1,"href":"https:\/\/studionotable.tv\/ca\/wp-json\/wp\/v2\/pages\/1556\/revisions"}],"predecessor-version":[{"id":1557,"href":"https:\/\/studionotable.tv\/ca\/wp-json\/wp\/v2\/pages\/1556\/revisions\/1557"}],"wp:attachment":[{"href":"https:\/\/studionotable.tv\/ca\/wp-json\/wp\/v2\/media?parent=1556"}],"curies":[{"name":"wp","href":"https:\/\/api.w.org\/{rel}","templated":true}]}}